{"id":321,"date":"2024-05-23T10:43:59","date_gmt":"2024-05-23T08:43:59","guid":{"rendered":"https:\/\/my-easy-access.com\/?page_id=321"},"modified":"2025-08-11T21:02:59","modified_gmt":"2025-08-11T19:02:59","slug":"evenements_marseille","status":"publish","type":"page","link":"https:\/\/preprod.my-easy-access.com\/?page_id=321","title":{"rendered":"Ev\u00e9nements Accessibles \u00e0 Marseille"},"content":{"rendered":"<p>[et_pb_section fb_built=\u00a0\u00bb1&Prime; admin_label=\u00a0\u00bbHeader\u00a0\u00bb _builder_version=\u00a0\u00bb4.26.1&Prime; _module_preset=\u00a0\u00bbdefault\u00a0\u00bb background_color=\u00a0\u00bb#aec5e5&Prime; background_enable_image=\u00a0\u00bboff\u00a0\u00bb background_position=\u00a0\u00bbtop_center\u00a0\u00bb background_vertical_offset=\u00a0\u00bb42%\u00a0\u00bb min_height=\u00a0\u00bb80px\u00a0\u00bb height=\u00a0\u00bb80px\u00a0\u00bb max_height=\u00a0\u00bb80px\u00a0\u00bb custom_padding=\u00a0\u00bb0vw||0px||false|false\u00a0\u00bb collapsed=\u00a0\u00bbon\u00a0\u00bb global_colors_info=\u00a0\u00bb{}\u00a0\u00bb][et_pb_row custom_padding_last_edited=\u00a0\u00bbon|desktop\u00a0\u00bb _builder_version=\u00a0\u00bb4.26.1&Prime; _module_preset=\u00a0\u00bbdefault\u00a0\u00bb background_color=\u00a0\u00bb#00205b\u00a0\u00bb custom_padding=\u00a0\u00bb20px|60px|20px|120px|true|false\u00a0\u00bb custom_padding_tablet=\u00a0\u00bb30px|30px|30px|60px|true|false\u00a0\u00bb custom_padding_phone=\u00a0\u00bb20px|20px|20px|40px|true|false\u00a0\u00bb border_radii=\u00a0\u00bboff|30px|30px||\u00a0\u00bb global_colors_info=\u00a0\u00bb{}\u00a0\u00bb][et_pb_column type=\u00a0\u00bb4_4&Prime; _builder_version=\u00a0\u00bb4.25.1&Prime; _module_preset=\u00a0\u00bbdefault\u00a0\u00bb global_colors_info=\u00a0\u00bb{}\u00a0\u00bb][et_pb_text _builder_version=\u00a0\u00bb4.26.1&Prime; _module_preset=\u00a0\u00bb_initial\u00a0\u00bb text_font=\u00a0\u00bbMichelin_semibold||||||||\u00a0\u00bb text_text_color=\u00a0\u00bb#FFFFFF\u00a0\u00bb text_font_size=\u00a0\u00bb30px\u00a0\u00bb text_line_height=\u00a0\u00bb1.6em\u00a0\u00bb header_font=\u00a0\u00bb|700|||||||\u00a0\u00bb header_text_color=\u00a0\u00bb#FFFFFF\u00a0\u00bb header_font_size=\u00a0\u00bb72px\u00a0\u00bb header_line_height=\u00a0\u00bb1.2em\u00a0\u00bb header_4_font=\u00a0\u00bbSource Sans Pro|600|||||||\u00a0\u00bb header_4_font_size=\u00a0\u00bb14px\u00a0\u00bb text_orientation=\u00a0\u00bbcenter\u00a0\u00bb text_font_tablet=\u00a0\u00bbMichelin_semibold||||||||\u00a0\u00bb text_font_phone=\u00a0\u00bbMichelin_semibold||||||||\u00a0\u00bb text_font_last_edited=\u00a0\u00bbon|phone\u00a0\u00bb text_font_size_tablet=\u00a0\u00bb30px\u00a0\u00bb text_font_size_phone=\u00a0\u00bb30px\u00a0\u00bb text_font_size_last_edited=\u00a0\u00bbon|phone\u00a0\u00bb header_font_size_tablet=\u00a0\u00bb40px\u00a0\u00bb header_font_size_phone=\u00a0\u00bb24px\u00a0\u00bb header_font_size_last_edited=\u00a0\u00bbon|desktop\u00a0\u00bb global_colors_info=\u00a0\u00bb{}\u00a0\u00bb]<\/p>\n<p>\u00c9v\u00e9nements<\/p>\n<p>[\/et_pb_text][\/et_pb_column][\/et_pb_row][\/et_pb_section][et_pb_section fb_built=\u00a0\u00bb1&Prime; _builder_version=\u00a0\u00bb4.25.2&Prime; _module_preset=\u00a0\u00bbdefault\u00a0\u00bb custom_padding=\u00a0\u00bb0px||0px||false|false\u00a0\u00bb global_colors_info=\u00a0\u00bb{}\u00a0\u00bb][et_pb_row _builder_version=\u00a0\u00bb4.25.2&Prime; _module_preset=\u00a0\u00bbdefault\u00a0\u00bb global_colors_info=\u00a0\u00bb{}\u00a0\u00bb][et_pb_column type=\u00a0\u00bb4_4&Prime; _builder_version=\u00a0\u00bb4.25.1&Prime; _module_preset=\u00a0\u00bbdefault\u00a0\u00bb global_colors_info=\u00a0\u00bb{}\u00a0\u00bb][decm_event_display event_selection=\u00a0\u00bbcustom_event\u00a0\u00bb included_categories=\u00a0\u00bb29&Prime; show_virtual_event=\u00a0\u00bbon\u00a0\u00bb date_detail_label=\u00a0\u00bbdate\u00a0\u00bb date_format=\u00a0\u00bbj F Y\u00a0\u00bb details_time_label=\u00a0\u00bbHeure\u00a0\u00bb show_venue=\u00a0\u00bboff\u00a0\u00bb organizer_detail_label=\u00a0\u00bborganisateur\u00a0\u00bb price_detail_label=\u00a0\u00bbprix\u00a0\u00bb show_category=\u00a0\u00bboff\u00a0\u00bb show_tag=\u00a0\u00bboff\u00a0\u00bb website_detail_label=\u00a0\u00bbsite de l&rsquo;organisateur\u00a0\u00bb show_callout_date_range=\u00a0\u00bbon\u00a0\u00bb callout_date_format=\u00a0\u00bbj F\u00a0\u00bb show_callout_month=\u00a0\u00bboff\u00a0\u00bb layout=\u00a0\u00bblist\u00a0\u00bb list_layout=\u00a0\u00bbcalloutimage_rightdetail\u00a0\u00bb view_more_text=\u00a0\u00bbEn savoir plus\u00a0\u00bb month_padding=\u00a0\u00bb|||20px|false|false\u00a0\u00bb button_make_fullwidth=\u00a0\u00bbon\u00a0\u00bb _builder_version=\u00a0\u00bb4.26.1&Prime; _module_preset=\u00a0\u00bbdefault\u00a0\u00bb title_font=\u00a0\u00bb&#8211;et_global_body_font|700|||||||\u00a0\u00bb title_text_color=\u00a0\u00bb#000000&Prime; title_font_size=\u00a0\u00bb22px\u00a0\u00bb duration_font=\u00a0\u00bb&#8211;et_global_body_font||||||||\u00a0\u00bb duration_font_size=\u00a0\u00bb18px\u00a0\u00bb duration_labels_font=\u00a0\u00bb&#8211;et_global_body_font||||||||\u00a0\u00bb duration_labels_font_size=\u00a0\u00bb18px\u00a0\u00bb month_sep_font=\u00a0\u00bb&#8211;et_global_body_font||||||||\u00a0\u00bb month_sep_text_align=\u00a0\u00bbleft\u00a0\u00bb month_sep_text_color=\u00a0\u00bb#000000&Prime; month_sep_font_size=\u00a0\u00bb31px\u00a0\u00bb excerpt_font=\u00a0\u00bb&#8211;et_global_body_font||||||||\u00a0\u00bb excerpt_font_size=\u00a0\u00bb18px\u00a0\u00bb callout_date_text_color=\u00a0\u00bb#000000&Prime; callout_month_text_color=\u00a0\u00bb#000000&Prime; custom_view_more=\u00a0\u00bbon\u00a0\u00bb view_more_text_size=\u00a0\u00bb18px\u00a0\u00bb view_more_font=\u00a0\u00bb&#8211;et_global_body_font||||||||\u00a0\u00bb view_more_use_icon=\u00a0\u00bboff\u00a0\u00bb view_more_alignment=\u00a0\u00bbcenter\u00a0\u00bb view_more_custom_margin=\u00a0\u00bb0px|0px|0px|0px|false|false\u00a0\u00bb view_more_custom_padding=\u00a0\u00bb5px|5px|5px|5px|false|false\u00a0\u00bb custom_padding=\u00a0\u00bb|||20px|false|false\u00a0\u00bb hover_enabled=\u00a0\u00bb0&Prime; global_colors_info=\u00a0\u00bb{}\u00a0\u00bb sticky_enabled=\u00a0\u00bb0&Prime;][\/decm_event_display][\/et_pb_column][\/et_pb_row][\/et_pb_section]<\/p>\n","protected":false},"excerpt":{"rendered":"<p>\u00c9v\u00e9nements<div class=\"et_pb_module decm_event_display decm_event_display_0 et_pb_bg_layout_ \">\n\t\t\t\t\n\t\t\t\t\n\t\t\t\t\n\t\t\t\t\n\t\t\t\t\n\t\t\t\t\n\t\t\t\t<div class=\"et_pb_module_inner\">\n\t\t\t\t\t\n\t\t\t\t<style><\/style><div class=\" \">\n\t\t\t\t\t\n\t\t\t\t\t\n\t\t\t\t\t<div class= \"\">\n\t\t\t\t\t\t<div class=\"events-results-message\">Il n&#039;y a pas d&#039;\u00e9v\u00e9nements \u00e0 venir pour le moment.<\/div>\n\t\t<input type=\"hidden\" name=\"dec-eventfeed-future-past\" id=\"dec-eventfeed-future-past\" value=\"\">\n\t\t<input type=\"hidden\" name=\"eventfeed_prev_page\" id=\"eventfeed_prev_page\" value=\"0\">\n\t\t<input type=\"hidden\" name=\"eventfeed_current_page\" id=\"eventfeed_current_page\" value=\"1\">\n\t\t<input type=\"hidden\" name=\"eventfeed_page\" id=\"eventfeed_page\" value=\"load_more\">\n\t\t<input type=\"hidden\" name=\"eventfeed_current_pagination_page\" id=\"eventfeed_current_pagination_page\" value=\"1\">\n\t\t<input type=\"hidden\" name=\"module_css_feed\" id=\"module_css_feed\" value=\"\">\n\t\t<input type=\"hidden\" name=\"module-css-class\" id=\"module-css-class\" value=\"\" \/>\n\t\t<input type=\"hidden\" name=\"dec-eventfeed-category\" id=\"dec-eventfeed-category\" value=\"\">\n\t\t<input type=\"hidden\" name=\"dec-eventfeed-tag\" id=\"dec-eventfeed-tag\" value=\"\">\n\t\t<input type=\"hidden\" name=\"dec-eventfeed-order\" id=\"dec-eventfeed-order\" value=\"\">\n\t\t<input type=\"hidden\" name=\"dec-eventfeed-venue\" id=\"dec-eventfeed-venue\" value=\"\">\n\t\t<input type=\"hidden\" name=\"dec-eventfeed-organizer\" id=\"dec-eventfeed-organizer\" value=\"\">\n\t\t<input type=\"hidden\" name=\"dec-filter-search\" id=\"dec-filter-search\" value=\"\">\n\t\t<input type=\"hidden\" name=\"dec-eventfeed-time\" id=\"dec-eventfeed-time\" value=\"\">\n\t\t<input type=\"hidden\" name=\"dec-eventfeed-day\" id=\"dec-eventfeed-day\" value=\"\">\n\t\t<input type=\"hidden\" name=\"dec-eventfeed-month\" id=\"dec-eventfeed-month\" value=\"\">\n\t\t<input type=\"hidden\" name=\"dec-eventfeed-year\" id=\"dec-eventfeed-year\" value=\"\">\n\t\t<input type=\"hidden\" name=\"dec-eventfeed-recurring\" id=\"dec-eventfeed-recurring\" value=\"\">\n\t\t<input type=\"hidden\" name=\"EventcostMin\" id=\"EventcostMin\" value=\"\">\n\t\t<input type=\"hidden\" name=\"EventcostMax\" id=\"EventcostMax\" value=\"\">\n\t\t<input type=\"hidden\" name=\"EventendDate\" id=\"EventendDate\" value=\"\">\n\t\t<input type=\"hidden\" name=\"EventstartDate\" id=\"EventstartDate\" value=\"\">\n\t\t<input type=\"hidden\" name=\"dec-eventfeed-country\" id=\"dec-eventfeed-country\" value=\"\">\n\t\t<input type=\"hidden\" name=\"dec-eventfeed-city\" id=\"dec-eventfeed-city\" value=\"\">\n\t\t<input type=\"hidden\" name=\"dec-eventfeed-state\" id=\"dec-eventfeed-state\" value=\"\">\n\t\t<input type=\"hidden\" name=\"dec-eventfeed-status\" id=\"dec-eventfeed-status\" value=\"\">\n\t\t<input type=\"hidden\" name=\"dec-eventfeed-address\" id=\"dec-eventfeed-address\" value=\"\">\n\t\t<input type=\"hidden\" name=\"dec-eventfeed-module-class\" id=\"dec-eventfeed-module-class\" value=\".decm_event_display_0\">\n\t\t<input type=\"hidden\" name=\"dec-eventfeed-page-translation\" id=\"dec-eventfeed-page-translation\" value=\"Page\">\n\t\t<input type=\"hidden\" name=\"dec-eventfeed-first-translation\" id=\"dec-eventfeed-first-translation\" value=\"D'abord\">\n\t\t<input type=\"hidden\" name=\"dec-eventfeed-last-translation\" id=\"dec-eventfeed-last-translation\" value=\"Durer\">\n\t\t<input type=\"hidden\" name=\"eventfeed_max_page\" id=\"eventfeed_max_page\" value=\"0\"><input type=\"hidden\" name=\"eventfeed_load_img\" id=\"eventfeed_load_img\" value=\"https:\/\/preprod.my-easy-access.com\/wp-content\/plugins\/divi-event-calendar-module\/includes\/modules\/EventDisplay\/ajax-loader.gif\">\n\t\t\t\t\t<\/div>\n\t\t\t\t<\/div>\n\t\t\t\t<script>\n\n\t\t\t\t\n\t\t\t\tjQuery(document).ready(function($) {\n\n\n\t\t\t\t\t$('.ecs-event-pagination').on(\"click\", \"a\", function () {\n\t\t\t\t\t\tevent.preventDefault();\n\t\t\t\t\t\t$('#eventfeed_current_pagination_page').val();\n\t\t\t\t\t\t$(\"input[name='eventfeed_current_pagination_page']\").val($(this).attr(\"pn\"));\n\t\t\t\t\t\tsetTimeout(() => {\n\t\t\t\t\t\t\tcheckImagesLoad();\n\t\t\t\t\t\t}, 2000); \n\t\t\t\t\t});\t    \t\n\t\n\t\t\t\t\t$('.decm_event_display_0').addClass(\"\");\n\t\t\t\t\n\t\t\t\n\n\t\t\tvar setHeightColumns = function(){ \n\t\t\t\tvar column_loop_row = 0;\n\t\t\t\tvar column_height = 0;\n\t\t\t\tvar overlay_height = 0;\n\t\t\t\tvar ids = [];\n\t\t\t\tvar total_Count = 0;\n\t\t\t\tvar total_Events = jQuery('.decm_event_display_0 .ecs-event-posts').length; \n\t\t\t\tjQuery('.decm_event_display_0 .ecs-event-posts').each(function(){\n\t\t\t\t++column_loop_row;\n\t\t\t\t++total_Count;\n\t\t\t\tvar Event_id = jQuery(this).children('article')[0].id;\n\t\t\t\tids.push(Event_id);\n\t\t\t\tcolumn_height = jQuery(this).find('#'+Event_id).children('.row').height() >= column_height ? jQuery(this).find('#'+Event_id).children('.row').height() : column_height;\n\t\t\t\toverlay_height =\n\t\t\t\tjQuery(this).find('.decm-cover-overlay-details').height() >= overlay_height ? jQuery(this).find('.decm-cover-image-overlay').height() : overlay_height;\n\t\t\t\tif(column_loop_row == 3 || total_Count == total_Events)\n\t\t\t\t{      \n\t\t\t\t\tids.map(function(id,index){\n\t\t\t\t\t\tvar tempHeight = parseInt(column_height) - parseInt(jQuery('.decm_event_display_0 #'+id+' .row > div:first-child').height());jQuery('.decm_event_display_0 #'+id+' .row > div > div:last-child').css('height',\"auto\");\n\t\t\t\t\t\t\n\t\t\t\t\t});  \n\t\t\t\t\tcolumn_loop_row = 0;\n\t\t\t\t\tcolumn_height = 0;\n\t\t\t\t\tids = [];\n\t\t\t\t}\n\t\t\t\t});\n\t\t\t\t\n\t\t\t}\n\t\tvar checkImagesLoad = function(){\n\t\t\n\t\t\n\t\tPromise.all(\n\t\t\tArray.from(jQuery(\".decm_event_display_0 .ecs-event-posts img\")).\n\t\t\t\tfilter(img => !img.complete).\n\t\t\t\tmap(img => new Promise(resolve => {\n\t\t\t\t\t\timg.onload = img.onerror = resolve; \n\t\t\t\t\t}))).then(() => {\n\t\t\t\t\t\tsetHeightColumns();\n\t\t\t\t\t});\n\t\t\t\t\t\n\t\t\t\t\/*var imgs  = jQuery(\".decm_event_display_0_tb_body .ecs-event-posts img\"),\n\t\t\t\tlen = imgs.length,\n\t\t\t\tcounter = 0;\n\t\t\t\t[].forEach.call( imgs, function( img ) {\n\t\t\t\t\tif(img.complete)\n\t\t\t\t\t  incrementCounter();\n\t\t\t\t\telse\n\t\t\t\t\t  img.addEventListener( \"load\", incrementCounter, false );\n\t\t\t\t} );\n\n\t\t\t\tfunction incrementCounter() {\n\t\t\t\t\tcounter++;\n\t\t\t\t\tif ( counter === len ) {\n\t\t\t\t\t\tdebugger;\n\t\t\t\t\t\tsetHeightColumns();\n\t\t\t\t\t}\n\t\t\t\t}*\/\n\t\t\t}\n\t\t\t\n\t\t\tsetTimeout(checkImagesLoad, 2000);\n\t\t\tjQuery(window).on('resize',function(){\n\t\t\t\tvar screenWidth = jQuery(this).width();\n\n\n\t\t\t\tif(screenWidth > 1199){\n\t\t\t\t\t\n\t\t\t\t\tif(document.readyState == 'complete')\n\t\t\t\t\t checkImagesLoad();\n\t\t\t\t}\n\t\t\t\telse{\n\t\t\t\t\tjQuery('.decm_event_display_0 .ecs-event-posts').each(function(){\n\t\t\t\t\t\tvar id = jQuery(this).children('article')[0].id;\n\t\t\t\t\t\t\n\t\tjQuery('.decm_event_display_0 #'+id+' .row > div:first-child').css('height','100%');\n\t\tjQuery('.decm_event_display_0 #'+id+' .row > div:last-child').css('height','100%');\n\t\tjQuery('.decm_event_display_0 p.ecs-showdetail').css({\"position\":\"unset\",\"width\":\"auto\" });\n\t\t\n\t\t\t\t\t\t});\n\t\t\t\t}\n\n\t\t\t});\t\n\n\t\t});\t\n\t\t\t<\/script>\n\t\t\t\t\n\t\t\t\n\t\t\t\t<\/div>\n\t\t\t<\/div><\/p>\n","protected":false},"author":1,"featured_media":0,"parent":0,"menu_order":0,"comment_status":"closed","ping_status":"closed","template":"","meta":{"_acf_changed":false,"_et_pb_use_builder":"on","_et_pb_old_content":"","_et_gb_content_width":"","inline_featured_image":false,"cybocfi_hide_featured_image":"","footnotes":""},"class_list":["post-321","page","type-page","status-publish","hentry"],"acf":[],"_links":{"self":[{"href":"https:\/\/preprod.my-easy-access.com\/index.php?rest_route=\/wp\/v2\/pages\/321","targetHints":{"allow":["GET"]}}],"collection":[{"href":"https:\/\/preprod.my-easy-access.com\/index.php?rest_route=\/wp\/v2\/pages"}],"about":[{"href":"https:\/\/preprod.my-easy-access.com\/index.php?rest_route=\/wp\/v2\/types\/page"}],"author":[{"embeddable":true,"href":"https:\/\/preprod.my-easy-access.com\/index.php?rest_route=\/wp\/v2\/users\/1"}],"replies":[{"embeddable":true,"href":"https:\/\/preprod.my-easy-access.com\/index.php?rest_route=%2Fwp%2Fv2%2Fcomments&post=321"}],"version-history":[{"count":56,"href":"https:\/\/preprod.my-easy-access.com\/index.php?rest_route=\/wp\/v2\/pages\/321\/revisions"}],"predecessor-version":[{"id":3660,"href":"https:\/\/preprod.my-easy-access.com\/index.php?rest_route=\/wp\/v2\/pages\/321\/revisions\/3660"}],"wp:attachment":[{"href":"https:\/\/preprod.my-easy-access.com\/index.php?rest_route=%2Fwp%2Fv2%2Fmedia&parent=321"}],"curies":[{"name":"wp","href":"https:\/\/api.w.org\/{rel}","templated":true}]}}